{"id":398,"date":"2023-12-05T17:59:22","date_gmt":"2023-12-05T16:59:22","guid":{"rendered":"https:\/\/fliesstal.immo\/?page_id=398"},"modified":"2023-12-07T10:21:03","modified_gmt":"2023-12-07T09:21:03","slug":"impressum","status":"publish","type":"page","link":"https:\/\/fliesstal.immo\/index.php\/impressum\/","title":{"rendered":"Impressum"},"content":{"rendered":"\n[et_pb_section fb_built=&#8221;1&#8243; theme_builder_area=&#8221;post_content&#8221; _builder_version=&#8221;4.20.2&#8243; _module_preset=&#8221;default&#8221;][et_pb_row _builder_version=&#8221;4.20.2&#8243; _module_preset=&#8221;default&#8221; theme_builder_area=&#8221;post_content&#8221;][et_pb_column _builder_version=&#8221;4.20.2&#8243; _module_preset=&#8221;default&#8221; type=&#8221;4_4&#8243; theme_builder_area=&#8221;post_content&#8221;][et_pb_text _builder_version=&#8221;4.20.2&#8243; _module_preset=&#8221;default&#8221; theme_builder_area=&#8221;post_content&#8221; hover_enabled=&#8221;0&#8243; sticky_enabled=&#8221;0&#8243;]<h1>Impressum<\/h1>\n<h2><strong><\/strong><\/h2>\n<h2><strong>gem\u00e4\u00df \u00a7 5 TMG<\/strong><\/h2>\n<p>Duggento Immobilien UG (haftungsbeschr\u00e4nkt)<br \/>Ostender Stra\u00dfe 32<br \/>13353 Berlin<\/p>\n<p>Handelsregisternummer: HRB 245856 B<br \/>Registergericht: Amtsgericht Charlottenburg<\/p>\n<p><strong>Vetreten durch:<\/strong> Ilaria Duggento<\/p>\n<p>&nbsp;<\/p>\n<h2>Kontakt<\/h2>\n<p>Telefon: 030 &#8211; 233 20 41 30<br \/>E-Mail: <a href=\"mailto:info@fliesstal.immo\">info@fliesstal.immo<\/a><\/p>\n<p>&nbsp;<\/p>\n<h2>Verantwortlich f\u00fcr den Inhalt nach \u00a7 55 Abs. 2 RStV<\/h2>\n<p>Ilaria Duggento<br \/>Ostender Stra\u00dfe 32<br \/>13353 Berlin<\/p>\n<p>&nbsp;<\/p>\n<h2>Haftungshinweis<\/h2>\n<p>Trotz sorgf\u00e4ltiger inhaltlicher Kontrolle \u00fcbernehmen wir keine Haftung f\u00fcr die Inhalte externer Links. F\u00fcr den Inhalt der verlinkten Seiten sind ausschlie\u00dflich deren Betreiber verantwortlich.<\/p>[\/et_pb_text][\/et_pb_column][\/et_pb_row][\/et_pb_section]\n","protected":false},"excerpt":{"rendered":"<p>Impressum gem\u00e4\u00df \u00a7 5 TMG Duggento Immobilien UG (haftungsbeschr\u00e4nkt)Ostender Stra\u00dfe 3213353 Berlin Handelsregisternummer: HRB 245856 BRegistergericht: Amtsgericht Charlottenburg Vetreten durch: Ilaria Duggento &nbsp; Kontakt Telefon: 030 &#8211; 233 20 41 30E-Mail: info@fliesstal.immo &nbsp; Verantwortlich f\u00fcr den Inhalt nach \u00a7 55 Abs. 2 RStV Ilaria DuggentoOstender Stra\u00dfe 3213353 Berlin &nbsp; Haftungshinweis Trotz sorgf\u00e4ltiger inhaltlicher Kontrolle \u00fcbernehmen [&hellip;]<\/p>\n","protected":false},"author":3,"featured_media":54,"parent":0,"menu_order":0,"comment_status":"closed","ping_status":"closed","template":"","meta":{"_et_pb_use_builder":"on","_et_pb_old_content":"","_et_gb_content_width":"","footnotes":""},"class_list":["post-398","page","type-page","status-publish","has-post-thumbnail","hentry"],"_links":{"self":[{"href":"https:\/\/fliesstal.immo\/index.php\/wp-json\/wp\/v2\/pages\/398","targetHints":{"allow":["GET"]}}],"collection":[{"href":"https:\/\/fliesstal.immo\/index.php\/wp-json\/wp\/v2\/pages"}],"about":[{"href":"https:\/\/fliesstal.immo\/index.php\/wp-json\/wp\/v2\/types\/page"}],"author":[{"embeddable":true,"href":"https:\/\/fliesstal.immo\/index.php\/wp-json\/wp\/v2\/users\/3"}],"replies":[{"embeddable":true,"href":"https:\/\/fliesstal.immo\/index.php\/wp-json\/wp\/v2\/comments?post=398"}],"version-history":[{"count":3,"href":"https:\/\/fliesstal.immo\/index.php\/wp-json\/wp\/v2\/pages\/398\/revisions"}],"predecessor-version":[{"id":434,"href":"https:\/\/fliesstal.immo\/index.php\/wp-json\/wp\/v2\/pages\/398\/revisions\/434"}],"wp:featuredmedia":[{"embeddable":true,"href":"https:\/\/fliesstal.immo\/index.php\/wp-json\/wp\/v2\/media\/54"}],"wp:attachment":[{"href":"https:\/\/fliesstal.immo\/index.php\/wp-json\/wp\/v2\/media?parent=398"}],"curies":[{"name":"wp","href":"https:\/\/api.w.org\/{rel}","templated":true}]}}