{"id":435,"date":"2023-12-07T11:07:36","date_gmt":"2023-12-07T10:07:36","guid":{"rendered":"https:\/\/fliesstal.immo\/?page_id=435"},"modified":"2023-12-19T16:44:05","modified_gmt":"2023-12-19T15:44:05","slug":"dsgvo","status":"publish","type":"page","link":"https:\/\/fliesstal.immo\/index.php\/dsgvo\/","title":{"rendered":"DSGVO"},"content":{"rendered":"<p>[et_pb_section fb_built=&#8221;1&#8243; _builder_version=&#8221;4.20.2&#8243; _module_preset=&#8221;default&#8221; global_colors_info=&#8221;{}&#8221;][et_pb_row _builder_version=&#8221;4.20.2&#8243; _module_preset=&#8221;default&#8221; global_colors_info=&#8221;{}&#8221;][et_pb_column type=&#8221;4_4&#8243; _builder_version=&#8221;4.20.2&#8243; _module_preset=&#8221;default&#8221; global_colors_info=&#8221;{}&#8221;][et_pb_text _builder_version=&#8221;4.23.1&#8243; _module_preset=&#8221;default&#8221; hover_enabled=&#8221;0&#8243; global_colors_info=&#8221;{}&#8221; sticky_enabled=&#8221;0&#8243;]<\/p>\n<h1>Datenschutzerkl\u00e4rung<\/h1>\n<h2>Verantwortliche Stelle im Sinne der Datenschutzgesetze:<\/h2>\n<p>Duggento Immobilien UG (haftungsbeschr\u00e4nkt)<br \/>Eigent\u00fcmerin: Ilaria Duggento<br \/><span>Ostender Stra\u00dfe 32<\/span><br \/><span>13353 Berlin<\/span><\/p>\n<p>Telefon: 030 &#8211; 233 20 41 30<br \/>E-Mail: info@fliesstal.immo<\/p>\n<h2><\/h2>\n<h2>Erfassung und Verarbeitung von personenbezogenen Daten<\/h2>\n<p>Wir erheben, verarbeiten und nutzen personenbezogene Daten nur, soweit dies im Rahmen der gesetzlichen Bestimmungen erlaubt ist oder Sie eingewilligt haben.<\/p>\n<h2><\/h2>\n<h2>Daten\u00fcbermittlung an Dritte<\/h2>\n<p>Eine \u00dcbermittlung Ihrer Daten an Dritte erfolgt nur, wenn dies gesetzlich erlaubt ist oder Sie eingewilligt haben.<\/p>\n<h2><\/h2>\n<h2>Cookies<\/h2>\n<p>Unsere Website verwendet Cookies. Cookies sind kleine Textdateien, die auf Ihrem Rechner abgelegt werden und die Ihr Browser speichert. Cookies richten auf Ihrem Rechner keinen Schaden an und enthalten keine Viren.<\/p>\n<h2><\/h2>\n<h2>Analyse-Tools<\/h2>\n<p>Diese Website verwendet Matomo, eine Open-Source-Software zur statistischen Auswertung der Besucherzugriffe. Matomo verwendet sogenannte &#8220;Cookies&#8221;, Textdateien, die auf Ihrem Computer gespeichert werden und die eine Analyse der Benutzung der Website durch Sie erm\u00f6glichen.<\/p>\n<p>Die durch die Cookies erzeugten Informationen \u00fcber Ihre Benutzung dieser Website werden auf unserem Server gespeichert. Die IP-Adresse wird vor der Speicherung anonymisiert.<\/p>\n<p>Matomo-Cookies verbleiben auf Ihrem Endger\u00e4t, bis Sie sie l\u00f6schen.<\/p>\n<p>Die Speicherung von Matomo-Cookies erfolgt auf Grundlage von Art. 6 Abs. 1 lit. f DSGVO. Der Websitebetreiber hat ein berechtigtes Interesse an der anonymisierten Analyse des Nutzerverhaltens, um sowohl sein Webangebot als auch seine Werbung zu optimieren.<\/p>\n<p>Die durch das Cookie erzeugten Informationen \u00fcber die Benutzung dieser Website werden nicht an Dritte weitergegeben. Sie k\u00f6nnen die Verwendung der Cookies durch eine entsprechende Einstellung Ihrer Browser-Software verhindern; wir weisen Sie jedoch darauf hin, dass Sie in diesem Fall gegebenenfalls nicht s\u00e4mtliche Funktionen dieser Website vollumf\u00e4nglich nutzen k\u00f6nnen.<\/p>\n<p>Wenn Sie mit der Speicherung und Nutzung Ihrer Daten nicht einverstanden sind, k\u00f6nnen Sie die Speicherung und Nutzung hier deaktivieren. In diesem Fall wird in Ihrem Browser ein Opt-Out-Cookie hinterlegt, der verhindert, dass Matomo Nutzungsdaten speichert. Wenn Sie Ihre Cookies l\u00f6schen, hat dies zur Folge, dass auch das Matomo Opt-Out-Cookie gel\u00f6scht wird. Das Opt-Out muss bei einem erneuten Besuch unserer Seite wieder aktiviert werden.<\/p>\n<p><strong><p id=\"matomo_opted_out_intro\" style=\"display:none;\">Opt-out complete; your visits to this website will not be recorded by the Web Analytics tool. Note that if you clear your cookies, delete the opt-out cookie, or if you change computers or Web browsers, you will need to perform the opt-out procedure again.<\/p><p id=\"matomo_opted_in_intro\" >You may choose to prevent this website from aggregating and analyzing the actions you take here. Doing so will protect your privacy, but will also prevent the owner from learning from your actions and creating a better experience for you and other users.<\/p><form>\n        <input type=\"checkbox\" id=\"matomo_optout_checkbox\" checked=\"checked\"\/>\n        <label for=\"matomo_optout_checkbox\"><strong>\n        <span id=\"matomo_opted_in_label\" >You are not opted out. Uncheck this box to opt-out.<\/span>\n\t\t<span id=\"matomo_opted_out_label\" style=\"display:none;\">You are currently opted out. Check this box to opt-in.<\/span>\n        <\/strong><\/label><\/form><noscript><p><strong style=\"color: #ff0000;\">This opt out feature requires JavaScript.<\/strong><\/p><\/noscript><p id=\"matomo_outout_err_cookies\" style=\"display: none;\"><strong>The tracking opt-out feature requires cookies to be enabled.<\/strong><\/p><\/strong><\/p>\n<p>Weitere Informationen zum Datenschutz bei Matomo finden Sie unter: <a href=\"https:\/\/matomo.org\/privacy-policy\/\" target=\"_blank\" rel=\"noopener\">https:\/\/matomo.org\/privacy-policy\/<\/a>.<\/p>\n<h2><\/h2>\n<h2>Trustindex<\/h2>\n<p><span>Wir nutzen Trustindex um Google Bewertungen auf unserer Website unver\u00e4ndert ver\u00f6ffentlichen zu k\u00f6nnen. Trusindex ist ein Plugin des Anbieters Trustindex Ltd.. 3593 Hej\u0151b\u00e1ba, Sz\u00e9chenyi utca 21., UNGARN. Alle Bewertungen stammen von Google-Nutzern auf der Plattform Google und wurden nicht ver\u00e4ndert. Wir nutzen trustindex, um mehrere Bewertungen gleichzeitig \u00fcber ein Widget auf der Seite abbilden zu k\u00f6nnen. Die Datenschutzerkl\u00e4rung von Trustindex Ltd. Finden Sie hier:\u00a0<\/span><a href=\"https:\/\/www.trustindex.io\/terms-and-conditions-and-privacy-policy\/\" target=\"_blank\" class=\"\" rel=\"noopener\">https:\/\/www.trustindex.io\/terms-and-conditions-and-privacy-policy\/<\/a><span>. Sollten Sie mit der Ver\u00f6ffentlichung Ihrer Bewertung auf unserer Website nicht einverstanden sein, schicken Sie uns einfach eine Email an: info@fliesstal.immo<\/span><\/p>\n<p><span><\/span><\/p>\n<h2>Datensicherheit<\/h2>\n<p>Wir setzen technische und organisatorische Sicherheitsma\u00dfnahmen ein, um Ihre durch uns verwalteten Daten gegen zuf\u00e4llige oder vors\u00e4tzliche Manipulationen, Verlust, Zerst\u00f6rung oder gegen den Zugriff unberechtigter Personen zu sch\u00fctzen.<\/p>\n<h2><\/h2>\n<h2>Auskunftsrecht<\/h2>\n<p>Sie haben das Recht, Auskunft \u00fcber Ihre bei uns gespeicherten personenbezogenen Daten zu erhalten, deren Herkunft und Empf\u00e4nger sowie den Zweck der Datenverarbeitung.<\/p>\n<p>&nbsp;<\/p>\n<h2><\/h2>\n<h2>\u00c4nderungen dieser Datenschutzerkl\u00e4rung<\/h2>\n<p>Diese Datenschutzerkl\u00e4rung kann von Zeit zu Zeit angepasst werden. \u00c4nderungen werden auf dieser Seite ver\u00f6ffentlicht.<\/p>\n<p>[\/et_pb_text][\/et_pb_column][\/et_pb_row][\/et_pb_section]<\/p>\n","protected":false},"excerpt":{"rendered":"<p>Datenschutzerkl\u00e4rung Verantwortliche Stelle im Sinne der Datenschutzgesetze: Duggento Immobilien UG (haftungsbeschr\u00e4nkt)Eigent\u00fcmerin: Ilaria DuggentoOstender Stra\u00dfe 3213353 Berlin Telefon: 030 &#8211; 233 20 41 30E-Mail: info@fliesstal.immo Erfassung und Verarbeitung von personenbezogenen Daten Wir erheben, verarbeiten und nutzen personenbezogene Daten nur, soweit dies im Rahmen der gesetzlichen Bestimmungen erlaubt ist oder Sie eingewilligt haben. Daten\u00fcbermittlung an Dritte Eine [&hellip;]<\/p>\n","protected":false},"author":3,"featured_media":0,"parent":0,"menu_order":0,"comment_status":"closed","ping_status":"closed","template":"","meta":{"_et_pb_use_builder":"on","_et_pb_old_content":"","_et_gb_content_width":"","footnotes":""},"class_list":["post-435","page","type-page","status-publish","hentry"],"_links":{"self":[{"href":"https:\/\/fliesstal.immo\/index.php\/wp-json\/wp\/v2\/pages\/435","targetHints":{"allow":["GET"]}}],"collection":[{"href":"https:\/\/fliesstal.immo\/index.php\/wp-json\/wp\/v2\/pages"}],"about":[{"href":"https:\/\/fliesstal.immo\/index.php\/wp-json\/wp\/v2\/types\/page"}],"author":[{"embeddable":true,"href":"https:\/\/fliesstal.immo\/index.php\/wp-json\/wp\/v2\/users\/3"}],"replies":[{"embeddable":true,"href":"https:\/\/fliesstal.immo\/index.php\/wp-json\/wp\/v2\/comments?post=435"}],"version-history":[{"count":5,"href":"https:\/\/fliesstal.immo\/index.php\/wp-json\/wp\/v2\/pages\/435\/revisions"}],"predecessor-version":[{"id":568,"href":"https:\/\/fliesstal.immo\/index.php\/wp-json\/wp\/v2\/pages\/435\/revisions\/568"}],"wp:attachment":[{"href":"https:\/\/fliesstal.immo\/index.php\/wp-json\/wp\/v2\/media?parent=435"}],"curies":[{"name":"wp","href":"https:\/\/api.w.org\/{rel}","templated":true}]}}